{"id":16600,"date":"2016-01-03T12:56:43","date_gmt":"2016-01-03T11:56:43","guid":{"rendered":"https:\/\/www.shamane.live\/?page_id=16600"},"modified":"2022-03-20T09:51:50","modified_gmt":"2022-03-20T16:51:50","slug":"5-photos-a-telecharger","status":"publish","type":"page","link":"https:\/\/www.shamane.live\/en\/5-photos-a-telecharger\/","title":{"rendered":"5 photos \u00e0 t\u00e9l\u00e9charger"},"content":{"rendered":"<style>#kt-layout-id_726625-92 > .kt-row-column-wrap{align-content:start;}:where(#kt-layout-id_726625-92 > .kt-row-column-wrap) > .wp-block-kadence-column{justify-content:start;}#kt-layout-id_726625-92 > .kt-row-column-wrap{column-gap:var(--global-kb-gap-md, 2rem);row-gap:var(--global-kb-gap-md, 2rem);padding-top:var( --global-kb-row-default-top, 25px );padding-bottom:var( --global-kb-row-default-bottom, 25px );padding-top:0px;padding-bottom:0px;grid-template-columns:minmax(0, 1fr);}#kt-layout-id_726625-92 > .kt-row-layout-overlay{opacity:0.30;}@media all and (max-width: 1024px){#kt-layout-id_726625-92 > .kt-row-column-wrap{grid-template-columns:minmax(0, 1fr);}}@media all and (max-width: 767px){#kt-layout-id_726625-92 > .kt-row-column-wrap{grid-template-columns:minmax(0, 1fr);}}<\/style>\n<div class=\"wp-block-kadence-rowlayout alignnone\"><div id=\"kt-layout-id_726625-92\" class=\"kt-row-layout-inner kt-layout-id_726625-92\"><div class=\"kt-row-column-wrap kt-has-1-columns kt-gutter-default kt-v-gutter-default kt-row-valign-top kt-row-layout-equal kt-tab-layout-inherit kt-m-colapse-left-to-right kt-mobile-layout-row\"><style>.kadence-column_cbf4c3-6c > .kt-inside-inner-col{border-top-width:0px;border-right-width:0px;border-bottom-width:0px;border-left-width:0px;}.kadence-column_cbf4c3-6c > .kt-inside-inner-col,.kadence-column_cbf4c3-6c > .kt-inside-inner-col:before{border-top-left-radius:0px;border-top-right-radius:0px;border-bottom-right-radius:0px;border-bottom-left-radius:0px;}.kadence-column_cbf4c3-6c > .kt-inside-inner-col{column-gap:var(--global-kb-gap-sm, 1rem);}.kadence-column_cbf4c3-6c > .kt-inside-inner-col{flex-direction:column;}.kadence-column_cbf4c3-6c > .kt-inside-inner-col > .aligncenter{width:100%;}.kadence-column_cbf4c3-6c > .kt-inside-inner-col:before{opacity:0.3;}.kadence-column_cbf4c3-6c{position:relative;}@media all and (max-width: 1024px){.kadence-column_cbf4c3-6c > .kt-inside-inner-col{flex-direction:column;justify-content:center;}}@media all and (max-width: 767px){.kadence-column_cbf4c3-6c > .kt-inside-inner-col{flex-direction:column;justify-content:center;}}<\/style>\n<div class=\"wp-block-kadence-column inner-column-1 kadence-column_cbf4c3-6c\"><div class=\"kt-inside-inner-col\"><nav aria-label=\"breadcrumbs\" class=\"rank-math-breadcrumb\"><p><span class=\"last\">Home<\/span><\/p><\/nav>\n<\/div><\/div>\n<\/div><\/div><\/div>\n\n\n<style>#kt-layout-id_362cd7-b0 > .kt-row-column-wrap{align-content:start;}:where(#kt-layout-id_362cd7-b0 > .kt-row-column-wrap) > .wp-block-kadence-column{justify-content:start;}#kt-layout-id_362cd7-b0 > .kt-row-column-wrap{column-gap:var(--global-kb-gap-md, 2rem);row-gap:var(--global-kb-gap-md, 2rem);padding-top:var( --global-kb-row-default-top, 25px );padding-bottom:var( --global-kb-row-default-bottom, 25px );padding-top:var(--global-kb-spacing-sm, 1.5rem);padding-bottom:var(--global-kb-spacing-sm, 1.5rem);grid-template-columns:minmax(0, 1fr);}#kt-layout-id_362cd7-b0 > .kt-row-layout-overlay{opacity:0.30;}@media all and (max-width: 1024px){#kt-layout-id_362cd7-b0 > .kt-row-column-wrap{grid-template-columns:minmax(0, 1fr);}}@media all and (max-width: 767px){#kt-layout-id_362cd7-b0 > .kt-row-column-wrap{grid-template-columns:minmax(0, 1fr);}}<\/style>\n<div class=\"wp-block-kadence-rowlayout alignnone\"><div id=\"kt-layout-id_362cd7-b0\" class=\"kt-row-layout-inner kt-layout-id_362cd7-b0\"><div class=\"kt-row-column-wrap kt-has-1-columns kt-gutter-default kt-v-gutter-default kt-row-valign-top kt-row-layout-equal kt-tab-layout-inherit kt-m-colapse-left-to-right kt-mobile-layout-row\"><style>.kadence-column_b5b1f0-31 > .kt-inside-inner-col{border-top-width:0px;border-right-width:0px;border-bottom-width:0px;border-left-width:0px;}.kadence-column_b5b1f0-31 > .kt-inside-inner-col,.kadence-column_b5b1f0-31 > .kt-inside-inner-col:before{border-top-left-radius:0px;border-top-right-radius:0px;border-bottom-right-radius:0px;border-bottom-left-radius:0px;}.kadence-column_b5b1f0-31 > .kt-inside-inner-col{column-gap:var(--global-kb-gap-sm, 1rem);}.kadence-column_b5b1f0-31 > .kt-inside-inner-col{flex-direction:column;}.kadence-column_b5b1f0-31 > .kt-inside-inner-col > .aligncenter{width:100%;}.kadence-column_b5b1f0-31 > .kt-inside-inner-col:before{opacity:0.3;}.kadence-column_b5b1f0-31{position:relative;}@media all and (max-width: 1024px){.kadence-column_b5b1f0-31 > .kt-inside-inner-col{flex-direction:column;justify-content:center;}}@media all and (max-width: 767px){.kadence-column_b5b1f0-31 > .kt-inside-inner-col{flex-direction:column;justify-content:center;}}<\/style>\n<div class=\"wp-block-kadence-column inner-column-1 kadence-column_b5b1f0-31\"><div class=\"kt-inside-inner-col\"><style>.wp-block-kadence-advancedheading.kt-adv-heading_bb3852-c1, .wp-block-kadence-advancedheading.kt-adv-heading_bb3852-c1[data-kb-block=\"kb-adv-heading_bb3852-c1\"]{text-align:center;font-style:normal;}.wp-block-kadence-advancedheading.kt-adv-heading_bb3852-c1 mark.kt-highlight, .wp-block-kadence-advancedheading.kt-adv-heading_bb3852-c1[data-kb-block=\"kb-adv-heading_bb3852-c1\"] mark.kt-highlight{font-style:normal;color:#f76a0c;-webkit-box-decoration-break:clone;box-decoration-break:clone;padding-top:0px;padding-right:0px;padding-bottom:0px;padding-left:0px;}.wp-block-kadence-advancedheading.kt-adv-heading_bb3852-c1 img.kb-inline-image, .wp-block-kadence-advancedheading.kt-adv-heading_bb3852-c1[data-kb-block=\"kb-adv-heading_bb3852-c1\"] img.kb-inline-image{width:150px;vertical-align:baseline;}<\/style>\n<h1 class=\"kt-adv-heading_bb3852-c1 wp-block-kadence-advancedheading\" data-kb-block=\"kb-adv-heading_bb3852-c1\">5 PHOTOS \u00c0 T\u00c9L\u00c9CHARGER POUR VOS AFFICHES<\/h1>\n\n\n<style>.wp-block-kadence-advancedheading.kt-adv-heading_d736e0-60, .wp-block-kadence-advancedheading.kt-adv-heading_d736e0-60[data-kb-block=\"kb-adv-heading_d736e0-60\"]{text-align:center;font-size:21px;font-style:normal;}.wp-block-kadence-advancedheading.kt-adv-heading_d736e0-60 mark.kt-highlight, .wp-block-kadence-advancedheading.kt-adv-heading_d736e0-60[data-kb-block=\"kb-adv-heading_d736e0-60\"] mark.kt-highlight{font-style:normal;color:#f76a0c;-webkit-box-decoration-break:clone;box-decoration-break:clone;padding-top:0px;padding-right:0px;padding-bottom:0px;padding-left:0px;}.wp-block-kadence-advancedheading.kt-adv-heading_d736e0-60 img.kb-inline-image, .wp-block-kadence-advancedheading.kt-adv-heading_d736e0-60[data-kb-block=\"kb-adv-heading_d736e0-60\"] img.kb-inline-image{width:150px;vertical-align:baseline;}<\/style>\n<h2 class=\"kt-adv-heading_d736e0-60 wp-block-kadence-advancedheading\" data-kb-block=\"kb-adv-heading_d736e0-60\">Mode d&#8217;emploi pour r\u00e9cup\u00e9rer les 5 photos \u00e0 t\u00e9l\u00e9charger pour vos affiches.<\/h2>\n<\/div><\/div>\n<\/div><\/div><\/div>\n\n\n<style>#kt-layout-id_d94d08-05 > .kt-row-column-wrap{align-content:start;}:where(#kt-layout-id_d94d08-05 > .kt-row-column-wrap) > .wp-block-kadence-column{justify-content:start;}#kt-layout-id_d94d08-05 > .kt-row-column-wrap{column-gap:var(--global-kb-gap-md, 2rem);row-gap:var(--global-kb-gap-md, 2rem);padding-top:var( --global-kb-row-default-top, 25px );padding-bottom:var( --global-kb-row-default-bottom, 25px );padding-top:var(--global-kb-spacing-sm, 1.5rem);padding-bottom:var(--global-kb-spacing-sm, 1.5rem);grid-template-columns:minmax(0, 1fr);}#kt-layout-id_d94d08-05 > .kt-row-layout-overlay{opacity:0.30;}@media all and (max-width: 1024px){#kt-layout-id_d94d08-05 > .kt-row-column-wrap{grid-template-columns:minmax(0, 1fr);}}@media all and (max-width: 767px){#kt-layout-id_d94d08-05 > .kt-row-column-wrap{grid-template-columns:minmax(0, 1fr);}}<\/style>\n<div class=\"wp-block-kadence-rowlayout alignnone\"><div id=\"kt-layout-id_d94d08-05\" class=\"kt-row-layout-inner kt-layout-id_d94d08-05\"><div class=\"kt-row-column-wrap kt-has-1-columns kt-gutter-default kt-v-gutter-default kt-row-valign-top kt-row-layout-equal kt-tab-layout-inherit kt-m-colapse-left-to-right kt-mobile-layout-row\"><style>.kadence-column_9ffe94-66 > .kt-inside-inner-col{border-top-width:0px;border-right-width:0px;border-bottom-width:0px;border-left-width:0px;}.kadence-column_9ffe94-66 > .kt-inside-inner-col,.kadence-column_9ffe94-66 > .kt-inside-inner-col:before{border-top-left-radius:0px;border-top-right-radius:0px;border-bottom-right-radius:0px;border-bottom-left-radius:0px;}.kadence-column_9ffe94-66 > .kt-inside-inner-col{column-gap:var(--global-kb-gap-sm, 1rem);}.kadence-column_9ffe94-66 > .kt-inside-inner-col{flex-direction:column;}.kadence-column_9ffe94-66 > .kt-inside-inner-col > .aligncenter{width:100%;}.kadence-column_9ffe94-66 > .kt-inside-inner-col:before{opacity:0.3;}.kadence-column_9ffe94-66{position:relative;}@media all and (max-width: 1024px){.kadence-column_9ffe94-66 > .kt-inside-inner-col{flex-direction:column;justify-content:center;}}@media all and (max-width: 767px){.kadence-column_9ffe94-66 > .kt-inside-inner-col{flex-direction:column;justify-content:center;}}<\/style>\n<div class=\"wp-block-kadence-column inner-column-1 kadence-column_9ffe94-66\"><div class=\"kt-inside-inner-col\">\n<p class=\"has-text-align-center\">1\/Cliquez sur une photo afin de l&rsquo;agrandir.<\/p>\n\n\n\n<p class=\"has-text-align-center\">2\/Clic droit sur la photo agrandie et \u00ab\u00a0enregistrer sous\u00a0\u00bb<\/p>\n<\/div><\/div>\n<\/div><\/div><\/div>\n\n\n<style>#kt-layout-id_1cdca9-b1 > .kt-row-column-wrap{align-content:start;}:where(#kt-layout-id_1cdca9-b1 > .kt-row-column-wrap) > .wp-block-kadence-column{justify-content:start;}#kt-layout-id_1cdca9-b1 > .kt-row-column-wrap{column-gap:var(--global-kb-gap-md, 2rem);row-gap:var(--global-kb-gap-md, 2rem);padding-top:var( --global-kb-row-default-top, 25px );padding-bottom:var( --global-kb-row-default-bottom, 25px );padding-top:var(--global-kb-spacing-sm, 1.5rem);padding-bottom:var(--global-kb-spacing-sm, 1.5rem);grid-template-columns:minmax(0, 1fr);}#kt-layout-id_1cdca9-b1 > .kt-row-layout-overlay{opacity:0.30;}@media all and (max-width: 1024px){#kt-layout-id_1cdca9-b1 > .kt-row-column-wrap{grid-template-columns:minmax(0, 1fr);}}@media all and (max-width: 767px){#kt-layout-id_1cdca9-b1 > .kt-row-column-wrap{grid-template-columns:minmax(0, 1fr);}}<\/style>\n<div class=\"wp-block-kadence-rowlayout alignnone\"><div id=\"kt-layout-id_1cdca9-b1\" class=\"kt-row-layout-inner kt-layout-id_1cdca9-b1\"><div class=\"kt-row-column-wrap kt-has-1-columns kt-gutter-default kt-v-gutter-default kt-row-valign-top kt-row-layout-equal kt-tab-layout-inherit kt-m-colapse-left-to-right kt-mobile-layout-row\"><style>.kadence-column_dea2f3-ef > .kt-inside-inner-col{border-top-width:0px;border-right-width:0px;border-bottom-width:0px;border-left-width:0px;}.kadence-column_dea2f3-ef > .kt-inside-inner-col,.kadence-column_dea2f3-ef > .kt-inside-inner-col:before{border-top-left-radius:0px;border-top-right-radius:0px;border-bottom-right-radius:0px;border-bottom-left-radius:0px;}.kadence-column_dea2f3-ef > .kt-inside-inner-col{column-gap:var(--global-kb-gap-sm, 1rem);}.kadence-column_dea2f3-ef > .kt-inside-inner-col{flex-direction:column;}.kadence-column_dea2f3-ef > .kt-inside-inner-col > .aligncenter{width:100%;}.kadence-column_dea2f3-ef > .kt-inside-inner-col:before{opacity:0.3;}.kadence-column_dea2f3-ef{position:relative;}@media all and (max-width: 1024px){.kadence-column_dea2f3-ef > .kt-inside-inner-col{flex-direction:column;justify-content:center;}}@media all and (max-width: 767px){.kadence-column_dea2f3-ef > .kt-inside-inner-col{flex-direction:column;justify-content:center;}}<\/style>\n<div class=\"wp-block-kadence-column inner-column-1 kadence-column_dea2f3-ef\"><div class=\"kt-inside-inner-col\"><style>.wp-block-kadence-advancedgallery .kb-gallery-type-grid.kb-gallery-id-_4477b3-13{margin:-9px;}.kb-gallery-type-grid.kb-gallery-id-_4477b3-13 .kadence-blocks-gallery-item{padding:9px;}.kb-gallery-id-_4477b3-13 .kadence-blocks-gallery-item .kb-gal-image-radius, .kb-gallery-id-_4477b3-13 .kb-slide-item .kb-gal-image-radius img{border-radius:0px 0px 0px 0px;;}.wp-block-kadence-advancedgallery.kb-gallery-wrap-id-_4477b3-13{overflow:visible;}.kb-gallery-id-_4477b3-13 .kadence-blocks-gallery-item .kb-gal-image-radius, .kb-gallery-id-_4477b3-13 .kadence-blocks-gallery-thumb-item .kb-gal-image-radius{box-shadow:4px 2px 14px 0px rgba(0, 0, 0, 0.2);}.kb-gallery-id-_4477b3-13 .kadence-blocks-gallery-item:hover .kb-gal-image-radius, .kb-gallery-id-_4477b3-13 .kadence-blocks-gallery-thumb-item:hover .kb-gal-image-radius{box-shadow:4px 2px 14px 0px rgba(0, 0, 0, 0.48);}<\/style><div class=\"kb-gallery-wrap-id-_4477b3-13 alignnone wp-block-kadence-advancedgallery\"><ul class=\"kb-gallery-ul kb-gallery-non-static kb-gallery-type-grid kb-gallery-id-_4477b3-13 kb-gallery-caption-style-bottom-hover kb-gallery-filter-none\" data-image-filter=\"none\" data-item-selector=\".kadence-blocks-gallery-item\" data-lightbox-caption=\"true\" data-columns-xxl=\"3\" data-columns-xl=\"3\" data-columns-md=\"3\" data-columns-sm=\"2\" data-columns-xs=\"1\" data-columns-ss=\"1\"><li class=\"kadence-blocks-gallery-item\"><div class=\"kadence-blocks-gallery-item-inner\"><figure class=\"kb-gallery-figure kb-gallery-item-has-link kadence-blocks-gallery-item-hide-caption\"><a href=\"https:\/\/www.shamane.live\/wp-content\/uploads\/2022\/02\/Shamane.jpg\" class=\"kb-gallery-item-link\"  ><div class=\"kb-gal-image-radius\"><div class=\"kb-gallery-image-contain kadence-blocks-gallery-intrinsic kb-gallery-image-ratio-land32 kb-has-image-ratio-land32\" ><img loading=\"lazy\" decoding=\"async\" src=\"https:\/\/www.shamane.live\/wp-content\/uploads\/2022\/02\/Shamane-1024x575.jpg\" width=\"1024\" height=\"575\" alt=\"Shamane\" data-full-image=\"https:\/\/www.shamane.live\/wp-content\/uploads\/2022\/02\/Shamane.jpg\" data-light-image=\"https:\/\/www.shamane.live\/wp-content\/uploads\/2022\/02\/Shamane.jpg\" data-id=\"18851\" class=\"wp-image-18851\" srcset=\"https:\/\/www.shamane.live\/wp-content\/uploads\/2022\/02\/Shamane-1024x575.jpg 1024w, https:\/\/www.shamane.live\/wp-content\/uploads\/2022\/02\/Shamane-300x168.jpg 300w, https:\/\/www.shamane.live\/wp-content\/uploads\/2022\/02\/Shamane-1536x863.jpg 1536w, https:\/\/www.shamane.live\/wp-content\/uploads\/2022\/02\/Shamane-2048x1150.jpg 2048w\" sizes=\"auto, (max-width: 1024px) 100vw, 1024px\" \/><\/div><\/div><\/a><\/figure><\/div><\/li><li class=\"kadence-blocks-gallery-item\"><div class=\"kadence-blocks-gallery-item-inner\"><figure class=\"kb-gallery-figure kb-gallery-item-has-link kadence-blocks-gallery-item-hide-caption\"><a href=\"https:\/\/www.shamane.live\/wp-content\/uploads\/2022\/02\/Vue-du-public.jpg\" class=\"kb-gallery-item-link\"  ><div class=\"kb-gal-image-radius\"><div class=\"kb-gallery-image-contain kadence-blocks-gallery-intrinsic kb-gallery-image-ratio-land32 kb-has-image-ratio-land32\" ><img loading=\"lazy\" decoding=\"async\" src=\"https:\/\/www.shamane.live\/wp-content\/uploads\/2022\/02\/Vue-du-public-1024x576.jpg\" width=\"1024\" height=\"576\" alt=\"Vue-du-public\" data-full-image=\"https:\/\/www.shamane.live\/wp-content\/uploads\/2022\/02\/Vue-du-public.jpg\" data-light-image=\"https:\/\/www.shamane.live\/wp-content\/uploads\/2022\/02\/Vue-du-public.jpg\" data-id=\"18853\" class=\"wp-image-18853\" srcset=\"https:\/\/www.shamane.live\/wp-content\/uploads\/2022\/02\/Vue-du-public-1024x576.jpg 1024w, https:\/\/www.shamane.live\/wp-content\/uploads\/2022\/02\/Vue-du-public-300x169.jpg 300w, https:\/\/www.shamane.live\/wp-content\/uploads\/2022\/02\/Vue-du-public-1536x864.jpg 1536w, https:\/\/www.shamane.live\/wp-content\/uploads\/2022\/02\/Vue-du-public-2048x1152.jpg 2048w\" sizes=\"auto, (max-width: 1024px) 100vw, 1024px\" \/><\/div><\/div><\/a><\/figure><\/div><\/li><li class=\"kadence-blocks-gallery-item\"><div class=\"kadence-blocks-gallery-item-inner\"><figure class=\"kb-gallery-figure kb-gallery-item-has-link kadence-blocks-gallery-item-hide-caption\"><a href=\"https:\/\/www.shamane.live\/wp-content\/uploads\/2022\/02\/Pupitre-de-cuivres.jpg\" class=\"kb-gallery-item-link\"  ><div class=\"kb-gal-image-radius\"><div class=\"kb-gallery-image-contain kadence-blocks-gallery-intrinsic kb-gallery-image-ratio-land32 kb-has-image-ratio-land32\" ><img loading=\"lazy\" decoding=\"async\" src=\"https:\/\/www.shamane.live\/wp-content\/uploads\/2022\/02\/Pupitre-de-cuivres-1024x681.jpg\" width=\"1024\" height=\"681\" alt=\"Pupitre-de-cuivres\" data-full-image=\"https:\/\/www.shamane.live\/wp-content\/uploads\/2022\/02\/Pupitre-de-cuivres.jpg\" data-light-image=\"https:\/\/www.shamane.live\/wp-content\/uploads\/2022\/02\/Pupitre-de-cuivres.jpg\" data-id=\"18849\" class=\"wp-image-18849\" srcset=\"https:\/\/www.shamane.live\/wp-content\/uploads\/2022\/02\/Pupitre-de-cuivres-1024x681.jpg 1024w, https:\/\/www.shamane.live\/wp-content\/uploads\/2022\/02\/Pupitre-de-cuivres-300x200.jpg 300w, https:\/\/www.shamane.live\/wp-content\/uploads\/2022\/02\/Pupitre-de-cuivres-1536x1022.jpg 1536w, https:\/\/www.shamane.live\/wp-content\/uploads\/2022\/02\/Pupitre-de-cuivres-2048x1363.jpg 2048w\" sizes=\"auto, (max-width: 1024px) 100vw, 1024px\" \/><\/div><\/div><\/a><\/figure><\/div><\/li><li class=\"kadence-blocks-gallery-item\"><div class=\"kadence-blocks-gallery-item-inner\"><figure class=\"kb-gallery-figure kb-gallery-item-has-link kadence-blocks-gallery-item-hide-caption\"><a href=\"https:\/\/www.shamane.live\/wp-content\/uploads\/2022\/02\/Scene-vide.jpg\" class=\"kb-gallery-item-link\"  ><div class=\"kb-gal-image-radius\"><div class=\"kb-gallery-image-contain kadence-blocks-gallery-intrinsic kb-gallery-image-ratio-land32 kb-has-image-ratio-land32\" ><img loading=\"lazy\" decoding=\"async\" src=\"https:\/\/www.shamane.live\/wp-content\/uploads\/2022\/02\/Scene-vide-1024x576.jpg\" width=\"1024\" height=\"576\" alt=\"5 photos \u00e0 t\u00e9l\u00e9charger\" data-full-image=\"https:\/\/www.shamane.live\/wp-content\/uploads\/2022\/02\/Scene-vide.jpg\" data-light-image=\"https:\/\/www.shamane.live\/wp-content\/uploads\/2022\/02\/Scene-vide.jpg\" data-id=\"18850\" class=\"wp-image-18850\" srcset=\"https:\/\/www.shamane.live\/wp-content\/uploads\/2022\/02\/Scene-vide-1024x576.jpg 1024w, https:\/\/www.shamane.live\/wp-content\/uploads\/2022\/02\/Scene-vide-300x169.jpg 300w, https:\/\/www.shamane.live\/wp-content\/uploads\/2022\/02\/Scene-vide-1536x864.jpg 1536w, https:\/\/www.shamane.live\/wp-content\/uploads\/2022\/02\/Scene-vide-2048x1152.jpg 2048w\" sizes=\"auto, (max-width: 1024px) 100vw, 1024px\" \/><\/div><\/div><\/a><\/figure><\/div><\/li><li class=\"kadence-blocks-gallery-item\"><div class=\"kadence-blocks-gallery-item-inner\"><figure class=\"kb-gallery-figure kb-gallery-item-has-link kadence-blocks-gallery-item-hide-caption\"><a href=\"https:\/\/www.shamane.live\/wp-content\/uploads\/2022\/02\/Vue-console.jpg\" class=\"kb-gallery-item-link\"  ><div class=\"kb-gal-image-radius\"><div class=\"kb-gallery-image-contain kadence-blocks-gallery-intrinsic kb-gallery-image-ratio-land32 kb-has-image-ratio-land32\" ><img loading=\"lazy\" decoding=\"async\" src=\"https:\/\/www.shamane.live\/wp-content\/uploads\/2022\/02\/Vue-console-1024x798.jpg\" width=\"1024\" height=\"798\" alt=\"Photos \u00e0 t\u00e9l\u00e9charger\" data-full-image=\"https:\/\/www.shamane.live\/wp-content\/uploads\/2022\/02\/Vue-console.jpg\" data-light-image=\"https:\/\/www.shamane.live\/wp-content\/uploads\/2022\/02\/Vue-console.jpg\" data-id=\"18852\" class=\"wp-image-18852\" srcset=\"https:\/\/www.shamane.live\/wp-content\/uploads\/2022\/02\/Vue-console-1024x798.jpg 1024w, https:\/\/www.shamane.live\/wp-content\/uploads\/2022\/02\/Vue-console-300x234.jpg 300w, https:\/\/www.shamane.live\/wp-content\/uploads\/2022\/02\/Vue-console-1536x1197.jpg 1536w, https:\/\/www.shamane.live\/wp-content\/uploads\/2022\/02\/Vue-console-2048x1596.jpg 2048w\" sizes=\"auto, (max-width: 1024px) 100vw, 1024px\" \/><\/div><\/div><\/a><\/figure><\/div><\/li><\/ul><\/div>\n\n<style>#kt-layout-id_cba689-00 > .kt-row-column-wrap{align-content:start;}:where(#kt-layout-id_cba689-00 > .kt-row-column-wrap) > .wp-block-kadence-column{justify-content:start;}#kt-layout-id_cba689-00 > .kt-row-column-wrap{column-gap:var(--global-kb-gap-md, 2rem);row-gap:var(--global-kb-gap-md, 2rem);padding-top:var( --global-kb-row-default-top, 25px );padding-bottom:var( --global-kb-row-default-bottom, 25px );padding-bottom:0px;grid-template-columns:minmax(0, 1fr);}#kt-layout-id_cba689-00 > .kt-row-layout-overlay{opacity:0.30;}@media all and (max-width: 1024px){#kt-layout-id_cba689-00 > .kt-row-column-wrap{grid-template-columns:minmax(0, 1fr);}}@media all and (max-width: 767px){#kt-layout-id_cba689-00 > .kt-row-column-wrap{grid-template-columns:minmax(0, 1fr);}}<\/style>\n<div class=\"wp-block-kadence-rowlayout alignnone\"><div id=\"kt-layout-id_cba689-00\" class=\"kt-row-layout-inner kt-layout-id_cba689-00\"><div class=\"kt-row-column-wrap kt-has-1-columns kt-gutter-default kt-v-gutter-default kt-row-valign-top kt-row-layout-equal kt-tab-layout-inherit kt-m-colapse-left-to-right kt-mobile-layout-row\"><style>.kadence-column_f5cfdf-20 > .kt-inside-inner-col{border-top-width:0px;border-right-width:0px;border-bottom-width:0px;border-left-width:0px;}.kadence-column_f5cfdf-20 > .kt-inside-inner-col,.kadence-column_f5cfdf-20 > .kt-inside-inner-col:before{border-top-left-radius:0px;border-top-right-radius:0px;border-bottom-right-radius:0px;border-bottom-left-radius:0px;}.kadence-column_f5cfdf-20 > .kt-inside-inner-col{column-gap:var(--global-kb-gap-sm, 1rem);}.kadence-column_f5cfdf-20 > .kt-inside-inner-col{flex-direction:column;}.kadence-column_f5cfdf-20 > .kt-inside-inner-col > .aligncenter{width:100%;}.kadence-column_f5cfdf-20 > .kt-inside-inner-col:before{opacity:0.3;}.kadence-column_f5cfdf-20{position:relative;}@media all and (max-width: 1024px){.kadence-column_f5cfdf-20 > .kt-inside-inner-col{flex-direction:column;justify-content:center;}}@media all and (max-width: 767px){.kadence-column_f5cfdf-20 > .kt-inside-inner-col{flex-direction:column;justify-content:center;}}<\/style>\n<div class=\"wp-block-kadence-column inner-column-1 kadence-column_f5cfdf-20\"><div class=\"kt-inside-inner-col\"><\/div><\/div>\n<\/div><\/div><\/div>\n\n\n<style>#kt-layout-id_bd052d-61 > .kt-row-column-wrap{align-content:start;}:where(#kt-layout-id_bd052d-61 > .kt-row-column-wrap) > .wp-block-kadence-column{justify-content:start;}#kt-layout-id_bd052d-61 > .kt-row-column-wrap{column-gap:var(--global-kb-gap-md, 2rem);row-gap:var(--global-kb-gap-md, 2rem);padding-top:var( --global-kb-row-default-top, 25px );padding-bottom:var( --global-kb-row-default-bottom, 25px );padding-top:var(--global-kb-spacing-sm, 1.5rem);padding-bottom:var(--global-kb-spacing-sm, 1.5rem);grid-template-columns:minmax(0, 1fr);}#kt-layout-id_bd052d-61 > .kt-row-layout-overlay{opacity:0.30;}@media all and (max-width: 1024px){#kt-layout-id_bd052d-61 > .kt-row-column-wrap{grid-template-columns:minmax(0, 1fr);}}@media all and (max-width: 767px){#kt-layout-id_bd052d-61 > .kt-row-column-wrap{grid-template-columns:minmax(0, 1fr);}}<\/style>\n<div class=\"wp-block-kadence-rowlayout alignnone\"><div id=\"kt-layout-id_bd052d-61\" class=\"kt-row-layout-inner kt-layout-id_bd052d-61\"><div class=\"kt-row-column-wrap kt-has-1-columns kt-gutter-default kt-v-gutter-default kt-row-valign-top kt-row-layout-equal kt-tab-layout-inherit kt-m-colapse-left-to-right kt-mobile-layout-row\"><style>.kadence-column_bb687a-90 > .kt-inside-inner-col{border-top-width:0px;border-right-width:0px;border-bottom-width:0px;border-left-width:0px;}.kadence-column_bb687a-90 > .kt-inside-inner-col,.kadence-column_bb687a-90 > .kt-inside-inner-col:before{border-top-left-radius:0px;border-top-right-radius:0px;border-bottom-right-radius:0px;border-bottom-left-radius:0px;}.kadence-column_bb687a-90 > .kt-inside-inner-col{column-gap:var(--global-kb-gap-sm, 1rem);}.kadence-column_bb687a-90 > .kt-inside-inner-col{flex-direction:column;}.kadence-column_bb687a-90 > .kt-inside-inner-col > .aligncenter{width:100%;}.kadence-column_bb687a-90 > .kt-inside-inner-col:before{opacity:0.3;}.kadence-column_bb687a-90{position:relative;}@media all and (max-width: 1024px){.kadence-column_bb687a-90 > .kt-inside-inner-col{flex-direction:column;justify-content:center;}}@media all and (max-width: 767px){.kadence-column_bb687a-90 > .kt-inside-inner-col{flex-direction:column;justify-content:center;}}<\/style>\n<div class=\"wp-block-kadence-column inner-column-1 kadence-column_bb687a-90\"><div class=\"kt-inside-inner-col\">\n<div class=\"wp-block-buttons is-content-justification-center is-layout-flex wp-block-buttons-is-layout-flex\">\n<div class=\"wp-block-button\"><a class=\"wp-block-button__link\" href=\"https:\/\/www.shamane.live\/en\/\">Back Home<\/a><\/div>\n\n\n\n<div class=\"wp-block-button\"><a class=\"wp-block-button__link\" href=\"\/en\/galerie-photos\/\">Page galerie photos<\/a><\/div>\n<\/div>\n<\/div><\/div>\n<\/div><\/div><\/div>\n<\/div><\/div>\n<\/div><\/div><\/div>","protected":false},"excerpt":{"rendered":"<p>5 PHOTOS \u00c0 T\u00c9L\u00c9CHARGER POUR VOS AFFICHES Mode d&#8217;emploi pour r\u00e9cup\u00e9rer les 5 photos \u00e0 t\u00e9l\u00e9charger pour vos affiches. 1\/Cliquez sur une photo afin de l&rsquo;agrandir. 2\/Clic droit sur la&#8230;<\/p>","protected":false},"author":4,"featured_media":0,"parent":0,"menu_order":0,"comment_status":"closed","ping_status":"closed","template":"","meta":{"_EventAllDay":false,"_EventTimezone":"","_EventStartDate":"","_EventEndDate":"","_EventStartDateUTC":"","_EventEndDateUTC":"","_EventShowMap":false,"_EventShowMapLink":false,"_EventURL":"","_EventCost":"","_EventCostDescription":"","_EventCurrencySymbol":"","_EventCurrencyCode":"","_EventCurrencyPosition":"","_EventDateTimeSeparator":"","_EventTimeRangeSeparator":"","_EventOrganizerID":[],"_EventVenueID":[],"_OrganizerEmail":"","_OrganizerPhone":"","_OrganizerWebsite":"","_VenueAddress":"","_VenueCity":"","_VenueCountry":"","_VenueProvince":"","_VenueState":"","_VenueZip":"","_VenuePhone":"","_VenueURL":"","_VenueStateProvince":"","_VenueLat":"","_VenueLng":"","_VenueShowMap":false,"_VenueShowMapLink":false,"_kad_post_transparent":"","_kad_post_title":"","_kad_post_layout":"","_kad_post_sidebar_id":"","_kad_post_content_style":"","_kad_post_vertical_padding":"","_kad_post_feature":"","_kad_post_feature_position":"","_kad_post_header":false,"_kad_post_footer":false,"_kad_post_classname":"","footnotes":""},"class_list":["post-16600","page","type-page","status-publish","hentry"],"_links":{"self":[{"href":"https:\/\/www.shamane.live\/en\/wp-json\/wp\/v2\/pages\/16600","targetHints":{"allow":["GET"]}}],"collection":[{"href":"https:\/\/www.shamane.live\/en\/wp-json\/wp\/v2\/pages"}],"about":[{"href":"https:\/\/www.shamane.live\/en\/wp-json\/wp\/v2\/types\/page"}],"author":[{"embeddable":true,"href":"https:\/\/www.shamane.live\/en\/wp-json\/wp\/v2\/users\/4"}],"replies":[{"embeddable":true,"href":"https:\/\/www.shamane.live\/en\/wp-json\/wp\/v2\/comments?post=16600"}],"version-history":[{"count":0,"href":"https:\/\/www.shamane.live\/en\/wp-json\/wp\/v2\/pages\/16600\/revisions"}],"wp:attachment":[{"href":"https:\/\/www.shamane.live\/en\/wp-json\/wp\/v2\/media?parent=16600"}],"curies":[{"name":"wp","href":"https:\/\/api.w.org\/{rel}","templated":true}]}}