{"id":18167,"date":"2019-11-25T18:43:54","date_gmt":"2019-11-25T17:43:54","guid":{"rendered":"https:\/\/www.shamane.live\/?page_id=18167"},"modified":"2022-06-06T12:05:43","modified_gmt":"2022-06-06T10:05:43","slug":"administratifs","status":"publish","type":"page","link":"https:\/\/www.shamane.live\/en\/administratifs\/","title":{"rendered":"Administrative"},"content":{"rendered":"<nav aria-label=\"breadcrumbs\" class=\"rank-math-breadcrumb\"><p><span class=\"last\">Home<\/span><\/p><\/nav>\n\n\n<style>.wp-block-kadence-advancedheading.kt-adv-heading_ef9f5a-3c, .wp-block-kadence-advancedheading.kt-adv-heading_ef9f5a-3c[data-kb-block=\"kb-adv-heading_ef9f5a-3c\"]{text-align:center;font-style:normal;}.wp-block-kadence-advancedheading.kt-adv-heading_ef9f5a-3c mark.kt-highlight, .wp-block-kadence-advancedheading.kt-adv-heading_ef9f5a-3c[data-kb-block=\"kb-adv-heading_ef9f5a-3c\"] mark.kt-highlight{font-style:normal;color:#f76a0c;-webkit-box-decoration-break:clone;box-decoration-break:clone;padding-top:0px;padding-right:0px;padding-bottom:0px;padding-left:0px;}.wp-block-kadence-advancedheading.kt-adv-heading_ef9f5a-3c img.kb-inline-image, .wp-block-kadence-advancedheading.kt-adv-heading_ef9f5a-3c[data-kb-block=\"kb-adv-heading_ef9f5a-3c\"] img.kb-inline-image{width:150px;vertical-align:baseline;}<\/style>\n<h1 class=\"kt-adv-heading_ef9f5a-3c wp-block-kadence-advancedheading\" data-kb-block=\"kb-adv-heading_ef9f5a-3c\"><strong>Administrative formalities<\/strong><\/h1>\n\n\n<style>.wp-block-kadence-advancedheading.kt-adv-heading_77b63a-4a, .wp-block-kadence-advancedheading.kt-adv-heading_77b63a-4a[data-kb-block=\"kb-adv-heading_77b63a-4a\"]{text-align:center;font-style:normal;}.wp-block-kadence-advancedheading.kt-adv-heading_77b63a-4a mark.kt-highlight, .wp-block-kadence-advancedheading.kt-adv-heading_77b63a-4a[data-kb-block=\"kb-adv-heading_77b63a-4a\"] mark.kt-highlight{font-style:normal;color:#f76a0c;-webkit-box-decoration-break:clone;box-decoration-break:clone;padding-top:0px;padding-right:0px;padding-bottom:0px;padding-left:0px;}.wp-block-kadence-advancedheading.kt-adv-heading_77b63a-4a img.kb-inline-image, .wp-block-kadence-advancedheading.kt-adv-heading_77b63a-4a[data-kb-block=\"kb-adv-heading_77b63a-4a\"] img.kb-inline-image{width:150px;vertical-align:baseline;}<\/style>\n<h2 class=\"kt-adv-heading_77b63a-4a wp-block-kadence-advancedheading\" data-kb-block=\"kb-adv-heading_77b63a-4a\">This is the special page for secretaries and treasurers who deal with administrative matters.<\/h2>\n\n\n\n<p class=\"has-text-align-center\">Administrative procedures to be carried out before each event.<\/p>\n\n\n<style>#kt-layout-id_5a15a5-7e > .kt-row-column-wrap{align-content:start;}:where(#kt-layout-id_5a15a5-7e > .kt-row-column-wrap) > .wp-block-kadence-column{justify-content:start;}#kt-layout-id_5a15a5-7e > .kt-row-column-wrap{column-gap:var(--global-kb-gap-md, 2rem);row-gap:var(--global-kb-gap-md, 2rem);padding-top:var( --global-kb-row-default-top, 25px );padding-bottom:var( --global-kb-row-default-bottom, 25px );padding-top:var(--global-kb-spacing-sm, 1.5rem);padding-bottom:var(--global-kb-spacing-sm, 1.5rem);grid-template-columns:minmax(0, calc(40% - ((var(--global-kb-gap-md, 2rem) * 1 )\/2)))minmax(0, calc(60% - ((var(--global-kb-gap-md, 2rem) * 1 )\/2)));}#kt-layout-id_5a15a5-7e > .kt-row-layout-overlay{opacity:0.30;}@media all and (max-width: 1024px){#kt-layout-id_5a15a5-7e > .kt-row-column-wrap{grid-template-columns:minmax(0, 1fr) minmax(0, 2fr);}}@media all and (max-width: 767px){#kt-layout-id_5a15a5-7e > .kt-row-column-wrap{grid-template-columns:minmax(0, 1fr);}}<\/style>\n<div class=\"wp-block-kadence-rowlayout alignnone\"><div id=\"kt-layout-id_5a15a5-7e\" class=\"kt-row-layout-inner kt-layout-id_5a15a5-7e\"><div class=\"kt-row-column-wrap kt-has-2-columns kt-gutter-default kt-v-gutter-default kt-row-valign-top kt-row-layout-right-golden kt-tab-layout-inherit kt-m-colapse-left-to-right kt-mobile-layout-row  kt-custom-first-width-40  kt-custom-second-width-60\"><style>.kadence-column_fa4c96-61 > .kt-inside-inner-col{border-top-width:0px;border-right-width:0px;border-bottom-width:0px;border-left-width:0px;}.kadence-column_fa4c96-61 > .kt-inside-inner-col,.kadence-column_fa4c96-61 > .kt-inside-inner-col:before{border-top-left-radius:0px;border-top-right-radius:0px;border-bottom-right-radius:0px;border-bottom-left-radius:0px;}.kadence-column_fa4c96-61 > .kt-inside-inner-col{column-gap:var(--global-kb-gap-sm, 1rem);}.kadence-column_fa4c96-61 > .kt-inside-inner-col{flex-direction:column;}.kadence-column_fa4c96-61 > .kt-inside-inner-col > .aligncenter{width:100%;}.kadence-column_fa4c96-61 > .kt-inside-inner-col:before{opacity:0.3;}.kadence-column_fa4c96-61{position:relative;}@media all and (max-width: 1024px){.kadence-column_fa4c96-61 > .kt-inside-inner-col{flex-direction:column;justify-content:center;}}@media all and (max-width: 767px){.kadence-column_fa4c96-61 > .kt-inside-inner-col{flex-direction:column;justify-content:center;}}<\/style>\n<div class=\"wp-block-kadence-column inner-column-1 kadence-column_fa4c96-61\"><div class=\"kt-inside-inner-col\"><style>.wp-block-kadence-advancedheading.kt-adv-heading_17be5d-86, .wp-block-kadence-advancedheading.kt-adv-heading_17be5d-86[data-kb-block=\"kb-adv-heading_17be5d-86\"]{font-style:normal;}.wp-block-kadence-advancedheading.kt-adv-heading_17be5d-86 mark.kt-highlight, .wp-block-kadence-advancedheading.kt-adv-heading_17be5d-86[data-kb-block=\"kb-adv-heading_17be5d-86\"] mark.kt-highlight{font-style:normal;color:#f76a0c;-webkit-box-decoration-break:clone;box-decoration-break:clone;padding-top:0px;padding-right:0px;padding-bottom:0px;padding-left:0px;}.wp-block-kadence-advancedheading.kt-adv-heading_17be5d-86 img.kb-inline-image, .wp-block-kadence-advancedheading.kt-adv-heading_17be5d-86[data-kb-block=\"kb-adv-heading_17be5d-86\"] img.kb-inline-image{width:150px;vertical-align:baseline;}<\/style>\n<h3 class=\"kt-adv-heading_17be5d-86 wp-block-kadence-advancedheading\" data-kb-block=\"kb-adv-heading_17be5d-86\">GUSO<\/h3>\n\n\n\n<p>Call GUSO on 0 805 41 40 41 (free call)<br>Register<br>Send me your codes<br>I would print the sheets<br><strong><em>All you have to do is sign them on the day of the ball<\/em><\/strong><br>I also take care of pre-employment declarations<\/p>\n\n\n<style>.wp-block-kadence-advancedheading.kt-adv-heading_4550ae-65, .wp-block-kadence-advancedheading.kt-adv-heading_4550ae-65[data-kb-block=\"kb-adv-heading_4550ae-65\"]{font-style:normal;}.wp-block-kadence-advancedheading.kt-adv-heading_4550ae-65 mark.kt-highlight, .wp-block-kadence-advancedheading.kt-adv-heading_4550ae-65[data-kb-block=\"kb-adv-heading_4550ae-65\"] mark.kt-highlight{font-style:normal;color:#f76a0c;-webkit-box-decoration-break:clone;box-decoration-break:clone;padding-top:0px;padding-right:0px;padding-bottom:0px;padding-left:0px;}.wp-block-kadence-advancedheading.kt-adv-heading_4550ae-65 img.kb-inline-image, .wp-block-kadence-advancedheading.kt-adv-heading_4550ae-65[data-kb-block=\"kb-adv-heading_4550ae-65\"] img.kb-inline-image{width:150px;vertical-align:baseline;}<\/style>\n<h3 class=\"kt-adv-heading_4550ae-65 wp-block-kadence-advancedheading\" data-kb-block=\"kb-adv-heading_4550ae-65\">SACEM<\/h3>\n\n\n\n<p>Declare your event<br>20% discount if you register your event in advance<br>I am preparing a sheet of the list of pieces played<br><strong><em>I give you this leaflet on the day of the event<\/em><\/strong><br>Send it to SACEM<\/p>\n\n\n\n<p class=\"has-text-align-left\">Voil\u00e0&nbsp;! C\u2019est tout.<\/p>\n<\/div><\/div>\n\n\n<style>.kadence-column_7ce1bc-78 > .kt-inside-inner-col{border-top-width:0px;border-right-width:0px;border-bottom-width:0px;border-left-width:0px;}.kadence-column_7ce1bc-78 > .kt-inside-inner-col,.kadence-column_7ce1bc-78 > .kt-inside-inner-col:before{border-top-left-radius:0px;border-top-right-radius:0px;border-bottom-right-radius:0px;border-bottom-left-radius:0px;}.kadence-column_7ce1bc-78 > .kt-inside-inner-col{column-gap:var(--global-kb-gap-sm, 1rem);}.kadence-column_7ce1bc-78 > .kt-inside-inner-col{flex-direction:column;}.kadence-column_7ce1bc-78 > .kt-inside-inner-col > .aligncenter{width:100%;}.kadence-column_7ce1bc-78 > .kt-inside-inner-col:before{opacity:0.3;}.kadence-column_7ce1bc-78{position:relative;}@media all and (max-width: 1024px){.kadence-column_7ce1bc-78 > .kt-inside-inner-col{flex-direction:column;justify-content:center;}}@media all and (max-width: 767px){.kadence-column_7ce1bc-78 > .kt-inside-inner-col{flex-direction:column;justify-content:center;}}<\/style>\n<div class=\"wp-block-kadence-column inner-column-2 kadence-column_7ce1bc-78\"><div class=\"kt-inside-inner-col\"><style>.kb-image_e60355-f8 .kb-image-has-overlay:after{opacity:0.3;}.kb-image_e60355-f8 img.kb-img, .kb-image_e60355-f8 .kb-img img{-webkit-mask-image:url(https:\/\/www.shamane.live\/wp-content\/plugins\/kadence-blocks\/includes\/assets\/images\/masks\/blob1.svg);mask-image:url(https:\/\/www.shamane.live\/wp-content\/plugins\/kadence-blocks\/includes\/assets\/images\/masks\/blob1.svg);-webkit-mask-size:auto;mask-size:auto;-webkit-mask-repeat:no-repeat;mask-repeat:no-repeat;-webkit-mask-position:center;mask-position:center;box-shadow:4px 4px 8px 0px rgba(0, 0, 0, 0.4);}<\/style>\n<figure class=\"wp-block-kadence-image kb-image_e60355-f8 size-full\"><img loading=\"lazy\" decoding=\"async\" width=\"1024\" height=\"683\" src=\"https:\/\/www.shamane.live\/wp-content\/uploads\/2022\/06\/Bureau.webp\" alt=\"Bureau\" class=\"kb-img wp-image-19870\" srcset=\"https:\/\/www.shamane.live\/wp-content\/uploads\/2022\/06\/Bureau.webp 1024w, https:\/\/www.shamane.live\/wp-content\/uploads\/2022\/06\/Bureau-300x200.webp 300w, https:\/\/www.shamane.live\/wp-content\/uploads\/2022\/06\/Bureau-18x12.webp 18w\" sizes=\"auto, (max-width: 1024px) 100vw, 1024px\" \/><\/figure>\n<\/div><\/div>\n<\/div><\/div><\/div>\n\n\n<style>#kt-layout-id_607752-a0 > .kt-row-column-wrap{align-content:start;}:where(#kt-layout-id_607752-a0 > .kt-row-column-wrap) > .wp-block-kadence-column{justify-content:start;}#kt-layout-id_607752-a0 > .kt-row-column-wrap{column-gap:var(--global-kb-gap-md, 2rem);row-gap:var(--global-kb-gap-md, 2rem);padding-top:var( --global-kb-row-default-top, 25px );padding-bottom:var( --global-kb-row-default-bottom, 25px );padding-top:var(--global-kb-spacing-sm, 1.5rem);padding-bottom:var(--global-kb-spacing-sm, 1.5rem);}#kt-layout-id_607752-a0 > .kt-row-column-wrap > div:not(.added-for-specificity){grid-column:initial;}#kt-layout-id_607752-a0 > .kt-row-column-wrap{grid-template-columns:repeat(5, minmax(0, 1fr));}#kt-layout-id_607752-a0 > .kt-row-layout-overlay{opacity:0.30;}@media all and (max-width: 1024px){#kt-layout-id_607752-a0 > .kt-row-column-wrap > div:not(.added-for-specificity){grid-column:initial;}}@media all and (max-width: 1024px){#kt-layout-id_607752-a0 > .kt-row-column-wrap{grid-template-columns:repeat(5, minmax(0, 1fr));}}@media all and (max-width: 767px){#kt-layout-id_607752-a0 > .kt-row-column-wrap > div:not(.added-for-specificity){grid-column:initial;}#kt-layout-id_607752-a0 > .kt-row-column-wrap{grid-template-columns:minmax(0, 1fr);}}<\/style>\n<div class=\"wp-block-kadence-rowlayout alignnone\"><div id=\"kt-layout-id_607752-a0\" class=\"kt-row-layout-inner kt-layout-id_607752-a0\"><div class=\"kt-row-column-wrap kt-has-5-columns kt-gutter-default kt-v-gutter-default kt-row-valign-top kt-row-layout-equal kt-tab-layout-inherit kt-m-colapse-left-to-right kt-mobile-layout-row\"><style>.kadence-column_26a417-27 > .kt-inside-inner-col{border-top-width:0px;border-right-width:0px;border-bottom-width:0px;border-left-width:0px;}.kadence-column_26a417-27 > .kt-inside-inner-col,.kadence-column_26a417-27 > .kt-inside-inner-col:before{border-top-left-radius:0px;border-top-right-radius:0px;border-bottom-right-radius:0px;border-bottom-left-radius:0px;}.kadence-column_26a417-27 > .kt-inside-inner-col{column-gap:var(--global-kb-gap-sm, 1rem);}.kadence-column_26a417-27 > .kt-inside-inner-col{flex-direction:column;}.kadence-column_26a417-27 > .kt-inside-inner-col > .aligncenter{width:100%;}.kadence-column_26a417-27 > .kt-inside-inner-col:before{opacity:0.3;}.kadence-column_26a417-27{position:relative;}@media all and (max-width: 1024px){.kadence-column_26a417-27 > .kt-inside-inner-col{flex-direction:column;justify-content:center;}}@media all and (max-width: 767px){.kadence-column_26a417-27 > .kt-inside-inner-col{flex-direction:column;justify-content:center;}}<\/style>\n<div class=\"wp-block-kadence-column inner-column-1 kadence-column_26a417-27\"><div class=\"kt-inside-inner-col\">\n<figure class=\"wp-block-image size-full\"><a href=\"https:\/\/www.guso.fr\/information\/accueil\" target=\"_blank\" rel=\"noopener\"><img loading=\"lazy\" decoding=\"async\" width=\"108\" height=\"80\" src=\"https:\/\/www.shamane.live\/wp-content\/uploads\/2020\/11\/logo_guso.jpg\" alt=\"Administratif\" class=\"wp-image-18412\"\/><\/a><\/figure>\n<\/div><\/div>\n\n\n<style>.kadence-column_941039-1e > .kt-inside-inner-col{border-top-width:0px;border-right-width:0px;border-bottom-width:0px;border-left-width:0px;}.kadence-column_941039-1e > .kt-inside-inner-col,.kadence-column_941039-1e > .kt-inside-inner-col:before{border-top-left-radius:0px;border-top-right-radius:0px;border-bottom-right-radius:0px;border-bottom-left-radius:0px;}.kadence-column_941039-1e > .kt-inside-inner-col{column-gap:var(--global-kb-gap-sm, 1rem);}.kadence-column_941039-1e > .kt-inside-inner-col{flex-direction:column;}.kadence-column_941039-1e > .kt-inside-inner-col > .aligncenter{width:100%;}.kadence-column_941039-1e > .kt-inside-inner-col:before{opacity:0.3;}.kadence-column_941039-1e{position:relative;}@media all and (max-width: 1024px){.kadence-column_941039-1e > .kt-inside-inner-col{flex-direction:column;justify-content:center;}}@media all and (max-width: 767px){.kadence-column_941039-1e > .kt-inside-inner-col{flex-direction:column;justify-content:center;}}<\/style>\n<div class=\"wp-block-kadence-column inner-column-2 kadence-column_941039-1e\"><div class=\"kt-inside-inner-col\">\n<figure class=\"wp-block-image size-full\"><a href=\"https:\/\/www.sacem.fr\/\" target=\"_blank\" rel=\"noopener\"><img loading=\"lazy\" decoding=\"async\" width=\"163\" height=\"69\" src=\"https:\/\/www.shamane.live\/wp-content\/uploads\/2020\/11\/logo_sacem.jpg\" alt=\"logo_sacem\" class=\"wp-image-18413\"\/><\/a><\/figure>\n<\/div><\/div>\n\n\n<style>.kadence-column_17dcd2-af > .kt-inside-inner-col{border-top-width:0px;border-right-width:0px;border-bottom-width:0px;border-left-width:0px;}.kadence-column_17dcd2-af > .kt-inside-inner-col,.kadence-column_17dcd2-af > .kt-inside-inner-col:before{border-top-left-radius:0px;border-top-right-radius:0px;border-bottom-right-radius:0px;border-bottom-left-radius:0px;}.kadence-column_17dcd2-af > .kt-inside-inner-col{column-gap:var(--global-kb-gap-sm, 1rem);}.kadence-column_17dcd2-af > .kt-inside-inner-col{flex-direction:column;}.kadence-column_17dcd2-af > .kt-inside-inner-col > .aligncenter{width:100%;}.kadence-column_17dcd2-af > .kt-inside-inner-col:before{opacity:0.3;}.kadence-column_17dcd2-af{position:relative;}@media all and (max-width: 1024px){.kadence-column_17dcd2-af > .kt-inside-inner-col{flex-direction:column;justify-content:center;}}@media all and (max-width: 767px){.kadence-column_17dcd2-af > .kt-inside-inner-col{flex-direction:column;justify-content:center;}}<\/style>\n<div class=\"wp-block-kadence-column inner-column-3 kadence-column_17dcd2-af\"><div class=\"kt-inside-inner-col\">\n<div class=\"wp-block-buttons is-layout-flex wp-block-buttons-is-layout-flex\">\n<div class=\"wp-block-button\"><a class=\"wp-block-button__link\" href=\"https:\/\/www.shamane.live\/en\/\">Back to home page<\/a><\/div>\n<\/div>\n<\/div><\/div>\n\n\n<style>.kadence-column_bc8804-b9 > .kt-inside-inner-col{border-top-width:0px;border-right-width:0px;border-bottom-width:0px;border-left-width:0px;}.kadence-column_bc8804-b9 > .kt-inside-inner-col,.kadence-column_bc8804-b9 > .kt-inside-inner-col:before{border-top-left-radius:0px;border-top-right-radius:0px;border-bottom-right-radius:0px;border-bottom-left-radius:0px;}.kadence-column_bc8804-b9 > .kt-inside-inner-col{column-gap:var(--global-kb-gap-sm, 1rem);}.kadence-column_bc8804-b9 > .kt-inside-inner-col{flex-direction:column;}.kadence-column_bc8804-b9 > .kt-inside-inner-col > .aligncenter{width:100%;}.kadence-column_bc8804-b9 > .kt-inside-inner-col:before{opacity:0.3;}.kadence-column_bc8804-b9{position:relative;}@media all and (max-width: 1024px){.kadence-column_bc8804-b9 > .kt-inside-inner-col{flex-direction:column;justify-content:center;}}@media all and (max-width: 767px){.kadence-column_bc8804-b9 > .kt-inside-inner-col{flex-direction:column;justify-content:center;}}<\/style>\n<div class=\"wp-block-kadence-column inner-column-4 kadence-column_bc8804-b9\"><div class=\"kt-inside-inner-col\"><\/div><\/div>\n\n\n<style>.kadence-column_045366-da > .kt-inside-inner-col{border-top-width:0px;border-right-width:0px;border-bottom-width:0px;border-left-width:0px;}.kadence-column_045366-da > .kt-inside-inner-col,.kadence-column_045366-da > .kt-inside-inner-col:before{border-top-left-radius:0px;border-top-right-radius:0px;border-bottom-right-radius:0px;border-bottom-left-radius:0px;}.kadence-column_045366-da > .kt-inside-inner-col{column-gap:var(--global-kb-gap-sm, 1rem);}.kadence-column_045366-da > .kt-inside-inner-col{flex-direction:column;}.kadence-column_045366-da > .kt-inside-inner-col > .aligncenter{width:100%;}.kadence-column_045366-da > .kt-inside-inner-col:before{opacity:0.3;}.kadence-column_045366-da{position:relative;}@media all and (max-width: 1024px){.kadence-column_045366-da > .kt-inside-inner-col{flex-direction:column;justify-content:center;}}@media all and (max-width: 767px){.kadence-column_045366-da > .kt-inside-inner-col{flex-direction:column;justify-content:center;}}<\/style>\n<div class=\"wp-block-kadence-column inner-column-5 kadence-column_045366-da\"><div class=\"kt-inside-inner-col\"><\/div><\/div>\n<\/div><\/div><\/div>\n\n\n\n<p><\/p>","protected":false},"excerpt":{"rendered":"<p>Formalit\u00e9s administratives Voici la page sp\u00e9ciale pour les secr\u00e9taires et tr\u00e9soriers qui s&rsquo;occupent de l&rsquo;administratif. D\u00e9marches administratives \u00e0 r\u00e9aliser avant chaque manifestation. GUSO T\u00e9l\u00e9phonez au GUSO 0 805 41 40&#8230;<\/p>","protected":false},"author":4,"featured_media":0,"parent":0,"menu_order":0,"comment_status":"open","ping_status":"open","template":"","meta":{"_EventAllDay":false,"_EventTimezone":"","_EventStartDate":"","_EventEndDate":"","_EventStartDateUTC":"","_EventEndDateUTC":"","_EventShowMap":false,"_EventShowMapLink":false,"_EventURL":"","_EventCost":"","_EventCostDescription":"","_EventCurrencySymbol":"","_EventCurrencyCode":"","_EventCurrencyPosition":"","_EventDateTimeSeparator":"","_EventTimeRangeSeparator":"","_EventOrganizerID":[],"_EventVenueID":[],"_OrganizerEmail":"","_OrganizerPhone":"","_OrganizerWebsite":"","_VenueAddress":"","_VenueCity":"","_VenueCountry":"","_VenueProvince":"","_VenueState":"","_VenueZip":"","_VenuePhone":"","_VenueURL":"","_VenueStateProvince":"","_VenueLat":"","_VenueLng":"","_VenueShowMap":false,"_VenueShowMapLink":false,"_kad_post_transparent":"default","_kad_post_title":"default","_kad_post_layout":"default","_kad_post_sidebar_id":"","_kad_post_content_style":"default","_kad_post_vertical_padding":"default","_kad_post_feature":"","_kad_post_feature_position":"","_kad_post_header":false,"_kad_post_footer":false,"_kad_post_classname":"","footnotes":""},"class_list":["post-18167","page","type-page","status-publish","hentry"],"_links":{"self":[{"href":"https:\/\/www.shamane.live\/en\/wp-json\/wp\/v2\/pages\/18167","targetHints":{"allow":["GET"]}}],"collection":[{"href":"https:\/\/www.shamane.live\/en\/wp-json\/wp\/v2\/pages"}],"about":[{"href":"https:\/\/www.shamane.live\/en\/wp-json\/wp\/v2\/types\/page"}],"author":[{"embeddable":true,"href":"https:\/\/www.shamane.live\/en\/wp-json\/wp\/v2\/users\/4"}],"replies":[{"embeddable":true,"href":"https:\/\/www.shamane.live\/en\/wp-json\/wp\/v2\/comments?post=18167"}],"version-history":[{"count":0,"href":"https:\/\/www.shamane.live\/en\/wp-json\/wp\/v2\/pages\/18167\/revisions"}],"wp:attachment":[{"href":"https:\/\/www.shamane.live\/en\/wp-json\/wp\/v2\/media?parent=18167"}],"curies":[{"name":"wp","href":"https:\/\/api.w.org\/{rel}","templated":true}]}}